{"id":1580,"date":"2024-05-15T07:58:10","date_gmt":"2024-05-15T07:58:10","guid":{"rendered":"https:\/\/akali.sva.la-studioweb.com\/?page_id=1580"},"modified":"2024-10-20T16:57:49","modified_gmt":"2024-10-20T13:57:49","slug":"iletisim","status":"publish","type":"page","link":"https:\/\/aysunkaleli.com.tr\/tr\/iletisim\/","title":{"rendered":"\u0130leti\u015fim"},"content":{"rendered":"\t\t<div data-elementor-type=\"wp-page\" data-elementor-id=\"1580\" class=\"elementor elementor-1580\" data-elementor-post-type=\"page\">\n\t\t\t\t<div class=\"elementor-element elementor-element-92da5d9 e-flex e-con-boxed lakit-col-width-auto-no e-container e-root-container elementor-top-section e-con e-parent\" data-id=\"92da5d9\" data-element_type=\"container\" data-e-type=\"container\">\n\t\t\t\t\t<div class=\"e-con-inner\">\n\t\t<div class=\"elementor-element elementor-element-2227666 e-con-full e-flex lakit-col-width-auto-no e-container e-con e-child\" data-id=\"2227666\" data-element_type=\"container\" data-e-type=\"container\">\n\t\t\t\t<div class=\"elementor-element elementor-element-3584fb1 elementor-widget elementor-widget-heading\" data-id=\"3584fb1\" data-element_type=\"widget\" data-e-type=\"widget\" data-widget_type=\"heading.default\">\n\t\t\t\t<div class=\"elementor-widget-container\">\n\t\t\t\t\t<h2 class=\"elementor-heading-title elementor-size-default\">\u0130leti\u015fim<\/h2>\t\t\t\t<\/div>\n\t\t\t\t<\/div>\n\t\t\t\t<div class=\"elementor-element elementor-element-dbd4303 elementor-widget elementor-widget-text-editor\" data-id=\"dbd4303\" data-element_type=\"widget\" data-e-type=\"widget\" data-widget_type=\"text-editor.default\">\n\t\t\t\t<div class=\"elementor-widget-container\">\n\t\t\t\t\t\t\t\t\t<p>Adres : Ey\u00fcpsultan Mah. Yadigar Cad. D\u00fckkan B-39<br \/>Sancaktepe\/\u0130stanbul<\/p>\t\t\t\t\t\t\t\t<\/div>\n\t\t\t\t<\/div>\n\t\t\t\t<div class=\"elementor-element elementor-element-13f83a1 elementor-widget elementor-widget-text-editor\" data-id=\"13f83a1\" data-element_type=\"widget\" data-e-type=\"widget\" data-widget_type=\"text-editor.default\">\n\t\t\t\t<div class=\"elementor-widget-container\">\n\t\t\t\t\t\t\t\t\t<p>Telefon : 0505 330 3873<\/p>\t\t\t\t\t\t\t\t<\/div>\n\t\t\t\t<\/div>\n\t\t\t\t<div class=\"elementor-element elementor-element-e4c4cac elementor-widget elementor-widget-text-editor\" data-id=\"e4c4cac\" data-element_type=\"widget\" data-e-type=\"widget\" data-widget_type=\"text-editor.default\">\n\t\t\t\t<div class=\"elementor-widget-container\">\n\t\t\t\t\t\t\t\t\t<p>E-posta : atacaysun@gmail.com<\/p>\t\t\t\t\t\t\t\t<\/div>\n\t\t\t\t<\/div>\n\t\t\t\t<\/div>\n\t\t<div class=\"elementor-element elementor-element-774c501 e-con-full e-flex lakit-col-width-auto-no e-container e-con e-child\" data-id=\"774c501\" data-element_type=\"container\" data-e-type=\"container\">\n\t\t\t\t<div class=\"elementor-element elementor-element-ee049be elementor-widget elementor-widget-image\" data-id=\"ee049be\" data-element_type=\"widget\" data-e-type=\"widget\" data-widget_type=\"image.default\">\n\t\t\t\t<div class=\"elementor-widget-container\">\n\t\t\t\t\t\t\t\t\t\t\t\t\t\t\t<img fetchpriority=\"high\" decoding=\"async\" width=\"1000\" height=\"1000\" src=\"https:\/\/aysunkaleli.com.tr\/tr\/wp-content\/uploads\/2024\/08\/4000-PAb-H1-m1-kopya.jpg\" class=\"attachment-large size-large wp-image-2791\" alt=\"\" srcset=\"https:\/\/aysunkaleli.com.tr\/tr\/wp-content\/uploads\/2024\/08\/4000-PAb-H1-m1-kopya.jpg 1000w, https:\/\/aysunkaleli.com.tr\/tr\/wp-content\/uploads\/2024\/08\/4000-PAb-H1-m1-kopya-600x600.jpg 600w, https:\/\/aysunkaleli.com.tr\/tr\/wp-content\/uploads\/2024\/08\/4000-PAb-H1-m1-kopya-100x100.jpg 100w\" sizes=\"(max-width: 1000px) 100vw, 1000px\" \/>\t\t\t\t\t\t\t\t\t\t\t\t\t\t\t<\/div>\n\t\t\t\t<\/div>\n\t\t\t\t<\/div>\n\t\t\t\t\t<\/div>\n\t\t\t\t<\/div>\n\t\t\t\t<\/div>\n\t\t","protected":false},"excerpt":{"rendered":"<p>\u0130leti\u015fim Adres : Ey\u00fcpsultan Mah. Yadigar Cad. D\u00fckkan B-39Sancaktepe\/\u0130stanbul Telefon : 0505 330 3873 E-posta : atacaysun@gmail.com<\/p>\n","protected":false},"author":1,"featured_media":0,"parent":0,"menu_order":0,"comment_status":"closed","ping_status":"closed","template":"templates\/fullwidth.php","meta":{"footnotes":""},"class_list":["post-1580","page","type-page","status-publish","hentry"],"_links":{"self":[{"href":"https:\/\/aysunkaleli.com.tr\/tr\/wp-json\/wp\/v2\/pages\/1580","targetHints":{"allow":["GET"]}}],"collection":[{"href":"https:\/\/aysunkaleli.com.tr\/tr\/wp-json\/wp\/v2\/pages"}],"about":[{"href":"https:\/\/aysunkaleli.com.tr\/tr\/wp-json\/wp\/v2\/types\/page"}],"author":[{"embeddable":true,"href":"https:\/\/aysunkaleli.com.tr\/tr\/wp-json\/wp\/v2\/users\/1"}],"replies":[{"embeddable":true,"href":"https:\/\/aysunkaleli.com.tr\/tr\/wp-json\/wp\/v2\/comments?post=1580"}],"version-history":[{"count":23,"href":"https:\/\/aysunkaleli.com.tr\/tr\/wp-json\/wp\/v2\/pages\/1580\/revisions"}],"predecessor-version":[{"id":2903,"href":"https:\/\/aysunkaleli.com.tr\/tr\/wp-json\/wp\/v2\/pages\/1580\/revisions\/2903"}],"wp:attachment":[{"href":"https:\/\/aysunkaleli.com.tr\/tr\/wp-json\/wp\/v2\/media?parent=1580"}],"curies":[{"name":"wp","href":"https:\/\/api.w.org\/{rel}","templated":true}]}}