{"id":2049,"date":"2024-04-04T08:18:08","date_gmt":"2024-04-04T08:18:08","guid":{"rendered":"https:\/\/akali.sva.la-studioweb.com\/?page_id=3"},"modified":"2024-09-06T16:35:39","modified_gmt":"2024-09-06T13:35:39","slug":"gizlilik","status":"publish","type":"page","link":"https:\/\/aysunkaleli.com.tr\/tr\/gizlilik\/","title":{"rendered":"Gizlilik"},"content":{"rendered":"<p>Yasal Uyar\u0131 ve Gizlilik Politikas\u0131<\/p>\n<p>AYSUN KALEL\u0130, m\u00fc\u015fterilerine daha iyi hizmet verebilmek amac\u0131yla baz\u0131 ki\u015fisel bilgilerinizi (isim, ya\u015f, ilgi alanlar\u0131n\u0131z, e-posta vb.) sizlerden talep etmektedir. www.aysunkaleli.com.tr sunucular\u0131nda toplanan bu bilgiler, d\u00f6nemsel kampanya \u00e7al\u0131\u015fmalar\u0131, m\u00fc\u015fteri profillerine y\u00f6nelik \u00f6zel promosyon faaliyetlerinin kurgulanmas\u0131 ve istenmeyen e-postalar\u0131n iletilmemesine y\u00f6nelik m\u00fc\u015fteri \u201cs\u0131n\u0131fland\u0131rma\u201d \u00e7al\u0131\u015fmalar\u0131nda sadece www.aysunkaleli.com.tr b\u00fcnyesinde kullan\u0131lmaktad\u0131r. AYSUN KALEL\u0130, \u00fcyelik formlar\u0131ndan toplad\u0131\u011f\u0131 bilgileri s\u00f6z konusu \u00fcyenin haberi ya da aksi bir talimat\u0131 olmaks\u0131z\u0131n, \u00fc\u00e7\u00fcnc\u00fc \u015fah\u0131slarla kesinlikle payla\u015fmamakta, faaliyet d\u0131\u015f\u0131 hi\u00e7bir nedenle ticari ama\u00e7la kullanmamakta ve de kulland\u0131rmamaktad\u0131r.<\/p>\n<p>M\u00fc\u015fteri bilgileri, ancak resmi makamlarca bu bilgilerin talep edilmesi halinde ve y\u00fcr\u00fcrl\u00fckteki emredici mevzuat h\u00fck\u00fcmleri gere\u011fince resmi makamlara a\u00e7\u0131klama yapmak zorunda oldu\u011fu durumlarda resmi makamlara a\u00e7\u0131klanabilecektir.<\/p>\n<p>M\u00fc\u015fterinin sisteme girdi\u011fi t\u00fcm bilgilere sadece m\u00fc\u015fteri ula\u015fabilmekte ve bu bilgileri sadece m\u00fc\u015fteri de\u011fi\u015ftirebilmektedir. Bir ba\u015fkas\u0131n\u0131n bu bilgilere ula\u015fmas\u0131 ve bunlar\u0131 de\u011fi\u015ftirmesi m\u00fcmk\u00fcn de\u011fildir. \u00d6deme sayfas\u0131nda istenen kredi kart\u0131 bilgileriniz, siteden al\u0131\u015fveri\u015f yapan siz de\u011ferli m\u00fc\u015fterilerimizin g\u00fcvenli\u011fini en \u00fcst seviyede tutmak amac\u0131yla hi\u00e7bir \u015fekilde AYSUN KALEL\u0130 veya ona hizmet veren \u015firketlerin sunucular\u0131nda tutulmamaktad\u0131r. Bu \u015fekilde \u00f6demeye y\u00f6nelik t\u00fcm i\u015flemler www.aysunkaleli.com.tr aray\u00fcz\u00fc \u00fczerinden 3D g\u00fcvenlik sistemi kullan\u0131larak banka ve bilgisayar\u0131n\u0131z aras\u0131nda ger\u00e7ekle\u015fmesi sa\u011flanmaktad\u0131r.<\/p>\n<p>\u00c7erez Kullan\u0131m\u0131<\/p>\n<p>\u00c7erezler, sitemizi ziyaret etti\u011finizde bilgisayar\u0131n\u0131z ya da mobil cihaz\u0131n\u0131za (ak\u0131ll\u0131 telefon veya tablet gibi) kaydedilen k\u00fc\u00e7\u00fck metin dosyalar\u0131 ya da bilgilerdir.<\/p>\n<p>\u00c7erezleri, sitemizin daha kolay kullan\u0131lmas\u0131 ve sizin ilgi ve ihtiya\u00e7lar\u0131n\u0131za g\u00f6re ayarlanmas\u0131 i\u00e7in kullan\u0131yoruz. \u0130nternet siteleri bu \u00e7erez dosyalar\u0131 okuyup yazabiliyorlar ve bu sayede tan\u0131nman\u0131z ve size daha uygun bir internet sitesi sunulmas\u0131 amac\u0131yla sizinle ilgili \u00f6nemli bilgilerin hat\u0131rlanmas\u0131 sa\u011flan\u0131yor.<\/p>\n<p>\u00c7erezler ayr\u0131ca, sitemiz \u00fczerinde gelecekteki hareketlerinizin h\u0131zlanmas\u0131na da yard\u0131mc\u0131 olur. Bunlara ek olarak, ziyaret\u00e7ilerin sitemizi nas\u0131l kulland\u0131\u011f\u0131n\u0131 anlamak ve sitemizin  tasar\u0131m\u0131n\u0131 ve kullan\u0131\u015fl\u0131l\u0131\u011f\u0131n\u0131 geli\u015ftirmek amac\u0131yla \u00e7erezleri sitelerimizin kullan\u0131m\u0131 hakk\u0131nda istatistiksel bilgiler toplamak i\u00e7in de kullanabiliriz.<\/p>\n<p>Unvan\u0131:  FATMA AYSUN KALEL\u0130 \/ WWW.AYSUNKALEL\u0130.COM.TR<\/p>\n<p>Mail: info@aysunkaleli.com.tr<\/p>\n<p>Vergi Dairesi: G\u00f6ztepe<\/p>\n<p>Vergi Numaras\u0131: 0930083370<\/p>\n<p>M\u00fc\u015fteri Hizmetleri: 0505 330 3873<\/p>\n<p>Telefon: 00505 330 3873<\/p>\n<p>Adres: Ey\u00fcpsultan Mah. Yadigar Cad. D\u00fckkan B-39 Sancaktepe\/\u0130stanbul<\/p>\n","protected":false},"excerpt":{"rendered":"<p>Yasal Uyar\u0131 ve Gizlilik Politikas\u0131 AYSUN KALEL\u0130, m\u00fc\u015fterilerine daha iyi hizmet verebilmek amac\u0131yla baz\u0131 ki\u015fisel bilgilerinizi (isim, ya\u015f, ilgi alanlar\u0131n\u0131z, e-posta vb.) sizlerden talep etmektedir. www.aysunkaleli.com.tr sunucular\u0131nda toplanan bu bilgiler, d\u00f6nemsel kampanya \u00e7al\u0131\u015fmalar\u0131, m\u00fc\u015fteri profillerine y\u00f6nelik \u00f6zel promosyon faaliyetlerinin kurgulanmas\u0131 ve istenmeyen e-postalar\u0131n iletilmemesine y\u00f6nelik m\u00fc\u015fteri \u201cs\u0131n\u0131fland\u0131rma\u201d \u00e7al\u0131\u015fmalar\u0131nda sadece www.aysunkaleli.com.tr b\u00fcnyesinde&hellip;<\/p>\n","protected":false},"author":1,"featured_media":0,"parent":0,"menu_order":0,"comment_status":"closed","ping_status":"closed","template":"","meta":{"footnotes":""},"class_list":["post-2049","page","type-page","status-publish","hentry"],"_links":{"self":[{"href":"https:\/\/aysunkaleli.com.tr\/tr\/wp-json\/wp\/v2\/pages\/2049","targetHints":{"allow":["GET"]}}],"collection":[{"href":"https:\/\/aysunkaleli.com.tr\/tr\/wp-json\/wp\/v2\/pages"}],"about":[{"href":"https:\/\/aysunkaleli.com.tr\/tr\/wp-json\/wp\/v2\/types\/page"}],"author":[{"embeddable":true,"href":"https:\/\/aysunkaleli.com.tr\/tr\/wp-json\/wp\/v2\/users\/1"}],"replies":[{"embeddable":true,"href":"https:\/\/aysunkaleli.com.tr\/tr\/wp-json\/wp\/v2\/comments?post=2049"}],"version-history":[{"count":4,"href":"https:\/\/aysunkaleli.com.tr\/tr\/wp-json\/wp\/v2\/pages\/2049\/revisions"}],"predecessor-version":[{"id":2858,"href":"https:\/\/aysunkaleli.com.tr\/tr\/wp-json\/wp\/v2\/pages\/2049\/revisions\/2858"}],"wp:attachment":[{"href":"https:\/\/aysunkaleli.com.tr\/tr\/wp-json\/wp\/v2\/media?parent=2049"}],"curies":[{"name":"wp","href":"https:\/\/api.w.org\/{rel}","templated":true}]}}