{"id":2862,"date":"2024-09-06T16:46:41","date_gmt":"2024-09-06T13:46:41","guid":{"rendered":"https:\/\/aysunkaleli.com.tr\/tr\/?page_id=2862"},"modified":"2024-09-06T16:46:41","modified_gmt":"2024-09-06T13:46:41","slug":"teslimat-ve-iade","status":"publish","type":"page","link":"https:\/\/aysunkaleli.com.tr\/tr\/teslimat-ve-iade\/","title":{"rendered":"Teslimat ve \u0130ade"},"content":{"rendered":"<p>AYSUNKALEL\u0130.COM&#8217; dan yapaca\u011f\u0131n\u0131z al\u0131\u015fveri\u015flerde \u00fcr\u00fcnleriniz anla\u015fmal\u0131 oldu\u011fumuz kargo firmas\u0131 ile taraf\u0131n\u0131za ula\u015ft\u0131r\u0131l\u0131r. Sipari\u015f onay tarihinden itibaren 3 i\u015f g\u00fcn\u00fc i\u00e7erisinde kargoya verilir. Kargoya verildikten sonra genel olarak 3 i\u015f g\u00fcn\u00fc i\u00e7erisinde teslimatlar sa\u011flanmaktad\u0131r.<\/p>\n<p>Hatal\u0131 verilen sipari\u015flerde de\u011fi\u015fim kargo \u00fccretleri al\u0131c\u0131 taraf\u0131ndan kar\u015f\u0131lanmaktad\u0131r.<\/p>\n<p>Teslim edilen sipari\u015finizi her zaman kargo g\u00f6revlisinin yan\u0131nda kontrol ediniz.<\/p>\n<p>Kargo paketinde veya \u00fcr\u00fcnde hasar varsa, teslim almadan paketi kargo firmas\u0131 ile iade g\u00f6nderebilir, kargo g\u00f6revlisine\u00a0\u201cHasar Tespit Tutana\u011f\u0131\u201d tutturabilirsiniz.<\/p>\n<p>WWW.AYSUNKALEL\u0130.COM.TR\u00a0 \u0130ade \u015eartlar\u0131 ve \u0130ade S\u00fcreci:<\/p>\n<p>\u0130adesini talep etti\u011finiz \u00fcr\u00fcn\/\u00fcr\u00fcnleri tahrip etmeden, paketi a\u00e7madan,\u00a0\u00fcr\u00fcn\u00fcn tekrar sat\u0131labilirli\u011fini bozmadan,\u00a0teslim ald\u0131\u011f\u0131n\u0131z tarihten itibaren en ge\u00e7 14\u00a0g\u00fcn i\u00e7erisinde kargoya vererek \u00fcr\u00fcn\/\u00fcr\u00fcnlerin iadesini ger\u00e7ekle\u015ftirebilirsiniz.<\/p>\n<p>\u00dcr\u00fcnlerin orijinal ambalaj\u0131, kutusu ve varsa di\u011fer malzemeleri ile birlikte eksiksiz ve hasars\u0131z \u015fekilde iadesi gerekmektedir. Orijinal kutusu\/ambalaj\u0131 bozulmu\u015f, tekrar sat\u0131labilmesi i\u00e7in \u00f6zelli\u011fi kaybolmu\u015f \u00fcr\u00fcnlerin iadesi kabul edilmez.<\/p>\n<p>Teslim alm\u0131\u015f oldu\u011funuz sipari\u015flerinizde paket i\u00e7erisinde g\u00f6r\u00fclen bir problem olmas\u0131 durumunda, teslim g\u00fcn\u00fc ilgili paketin foto\u011fraflar\u0131n\u0131 \u00e7ekip\u00a0info@monsida.com\u00a0veya<\/p>\n<p>0505 330 3873 nolu whatsapp hatt\u0131m\u0131zdan bizimle ileti\u015fime ge\u00e7ebilirsiniz.<\/p>\n<p>\u0130ADE ADRES\u0130: Ey\u00fcpsultan Mah. Yadigar Cad. D\u00fckkan B-39 Sancaktepe\/\u0130stanbul<\/p>\n","protected":false},"excerpt":{"rendered":"<p>AYSUNKALEL\u0130.COM&#8217; dan yapaca\u011f\u0131n\u0131z al\u0131\u015fveri\u015flerde \u00fcr\u00fcnleriniz anla\u015fmal\u0131 oldu\u011fumuz kargo firmas\u0131 ile taraf\u0131n\u0131za ula\u015ft\u0131r\u0131l\u0131r. Sipari\u015f onay tarihinden itibaren 3 i\u015f g\u00fcn\u00fc i\u00e7erisinde kargoya verilir. Kargoya verildikten sonra genel olarak 3 i\u015f g\u00fcn\u00fc i\u00e7erisinde teslimatlar sa\u011flanmaktad\u0131r. Hatal\u0131 verilen sipari\u015flerde de\u011fi\u015fim kargo \u00fccretleri al\u0131c\u0131 taraf\u0131ndan kar\u015f\u0131lanmaktad\u0131r. Teslim edilen sipari\u015finizi her zaman kargo g\u00f6revlisinin yan\u0131nda kontrol&hellip;<\/p>\n","protected":false},"author":1,"featured_media":0,"parent":0,"menu_order":0,"comment_status":"closed","ping_status":"closed","template":"","meta":{"footnotes":""},"class_list":["post-2862","page","type-page","status-publish","hentry"],"_links":{"self":[{"href":"https:\/\/aysunkaleli.com.tr\/tr\/wp-json\/wp\/v2\/pages\/2862","targetHints":{"allow":["GET"]}}],"collection":[{"href":"https:\/\/aysunkaleli.com.tr\/tr\/wp-json\/wp\/v2\/pages"}],"about":[{"href":"https:\/\/aysunkaleli.com.tr\/tr\/wp-json\/wp\/v2\/types\/page"}],"author":[{"embeddable":true,"href":"https:\/\/aysunkaleli.com.tr\/tr\/wp-json\/wp\/v2\/users\/1"}],"replies":[{"embeddable":true,"href":"https:\/\/aysunkaleli.com.tr\/tr\/wp-json\/wp\/v2\/comments?post=2862"}],"version-history":[{"count":1,"href":"https:\/\/aysunkaleli.com.tr\/tr\/wp-json\/wp\/v2\/pages\/2862\/revisions"}],"predecessor-version":[{"id":2863,"href":"https:\/\/aysunkaleli.com.tr\/tr\/wp-json\/wp\/v2\/pages\/2862\/revisions\/2863"}],"wp:attachment":[{"href":"https:\/\/aysunkaleli.com.tr\/tr\/wp-json\/wp\/v2\/media?parent=2862"}],"curies":[{"name":"wp","href":"https:\/\/api.w.org\/{rel}","templated":true}]}}