{"id":2151,"date":"2024-08-20T21:23:03","date_gmt":"2024-08-20T18:23:03","guid":{"rendered":"https:\/\/aysunkaleli.com.tr\/tr\/?post_type=product&#038;p=2151"},"modified":"2025-05-31T11:56:32","modified_gmt":"2025-05-31T08:56:32","slug":"gumus-rozet-bileklik-4","status":"publish","type":"product","link":"https:\/\/aysunkaleli.com.tr\/tr\/urun\/gumus-rozet-bileklik-4\/","title":{"rendered":"G\u00fcm\u00fc\u015f Rozet Bileklik"},"content":{"rendered":"<div class=\"product_desc-row\">\n<div class=\"product_desc-desc\">\n<h3><\/h3>\n<\/div>\n<div class=\"product_desc-img\"><\/div>\n<\/div>\n","protected":false},"excerpt":{"rendered":"<h3>925 ayar g\u00fcm\u00fc\u015f \u00fczerine sar\u0131 alt\u0131n kaplamal\u0131 Artuklu Rozet motifli, el yap\u0131m\u0131 Telkari, mor ip kordonlu bileklik<\/h3>\n","protected":false},"featured_media":2382,"template":"","meta":[],"product_brand":[],"product_cat":[30],"product_tag":[53,52],"class_list":{"0":"post-2151","1":"product","2":"type-product","3":"status-publish","4":"has-post-thumbnail","6":"product_cat-bileklik","7":"product_tag-bileklik","8":"product_tag-gumus","10":"first","11":"instock","12":"shipping-taxable","13":"purchasable","14":"product-type-simple"},"_links":{"self":[{"href":"https:\/\/aysunkaleli.com.tr\/tr\/wp-json\/wp\/v2\/product\/2151","targetHints":{"allow":["GET"]}}],"collection":[{"href":"https:\/\/aysunkaleli.com.tr\/tr\/wp-json\/wp\/v2\/product"}],"about":[{"href":"https:\/\/aysunkaleli.com.tr\/tr\/wp-json\/wp\/v2\/types\/product"}],"wp:featuredmedia":[{"embeddable":true,"href":"https:\/\/aysunkaleli.com.tr\/tr\/wp-json\/wp\/v2\/media\/2382"}],"wp:attachment":[{"href":"https:\/\/aysunkaleli.com.tr\/tr\/wp-json\/wp\/v2\/media?parent=2151"}],"wp:term":[{"taxonomy":"product_brand","embeddable":true,"href":"https:\/\/aysunkaleli.com.tr\/tr\/wp-json\/wp\/v2\/product_brand?post=2151"},{"taxonomy":"product_cat","embeddable":true,"href":"https:\/\/aysunkaleli.com.tr\/tr\/wp-json\/wp\/v2\/product_cat?post=2151"},{"taxonomy":"product_tag","embeddable":true,"href":"https:\/\/aysunkaleli.com.tr\/tr\/wp-json\/wp\/v2\/product_tag?post=2151"}],"curies":[{"name":"wp","href":"https:\/\/api.w.org\/{rel}","templated":true}]}}