{"id":2152,"date":"2024-08-20T21:23:04","date_gmt":"2024-08-20T18:23:04","guid":{"rendered":"https:\/\/aysunkaleli.com.tr\/tr\/?post_type=product&#038;p=2152"},"modified":"2025-05-31T12:00:26","modified_gmt":"2025-05-31T09:00:26","slug":"gumus-rozet-bileklik-3","status":"publish","type":"product","link":"https:\/\/aysunkaleli.com.tr\/tr\/urun\/gumus-rozet-bileklik-3\/","title":{"rendered":"G\u00fcm\u00fc\u015f Rozet Bileklik"},"content":{"rendered":"<div class=\"product_desc-row\">\n<div class=\"product_desc-desc\"><\/div>\n<div class=\"product_desc-img\"><\/div>\n<\/div>\n","protected":false},"excerpt":{"rendered":"<p>925 ayar g\u00fcm\u00fc\u015f \u00fczerine sar\u0131 alt\u0131n kaplamal\u0131 Artuklu Rozet motifli, el yap\u0131m\u0131 Telkari, mor ip kordonlu bileklik<\/p>\n","protected":false},"featured_media":2380,"template":"","meta":[],"product_brand":[],"product_cat":[30],"product_tag":[53],"class_list":{"0":"post-2152","1":"product","2":"type-product","3":"status-publish","4":"has-post-thumbnail","6":"product_cat-bileklik","7":"product_tag-bileklik","9":"first","10":"instock","11":"shipping-taxable","12":"purchasable","13":"product-type-simple"},"_links":{"self":[{"href":"https:\/\/aysunkaleli.com.tr\/tr\/wp-json\/wp\/v2\/product\/2152","targetHints":{"allow":["GET"]}}],"collection":[{"href":"https:\/\/aysunkaleli.com.tr\/tr\/wp-json\/wp\/v2\/product"}],"about":[{"href":"https:\/\/aysunkaleli.com.tr\/tr\/wp-json\/wp\/v2\/types\/product"}],"wp:featuredmedia":[{"embeddable":true,"href":"https:\/\/aysunkaleli.com.tr\/tr\/wp-json\/wp\/v2\/media\/2380"}],"wp:attachment":[{"href":"https:\/\/aysunkaleli.com.tr\/tr\/wp-json\/wp\/v2\/media?parent=2152"}],"wp:term":[{"taxonomy":"product_brand","embeddable":true,"href":"https:\/\/aysunkaleli.com.tr\/tr\/wp-json\/wp\/v2\/product_brand?post=2152"},{"taxonomy":"product_cat","embeddable":true,"href":"https:\/\/aysunkaleli.com.tr\/tr\/wp-json\/wp\/v2\/product_cat?post=2152"},{"taxonomy":"product_tag","embeddable":true,"href":"https:\/\/aysunkaleli.com.tr\/tr\/wp-json\/wp\/v2\/product_tag?post=2152"}],"curies":[{"name":"wp","href":"https:\/\/api.w.org\/{rel}","templated":true}]}}