{"id":2154,"date":"2024-08-20T21:23:04","date_gmt":"2024-08-20T18:23:04","guid":{"rendered":"https:\/\/aysunkaleli.com.tr\/tr\/?post_type=product&#038;p=2154"},"modified":"2025-05-31T11:58:43","modified_gmt":"2025-05-31T08:58:43","slug":"gumus-rozet-bileklik","status":"publish","type":"product","link":"https:\/\/aysunkaleli.com.tr\/tr\/urun\/gumus-rozet-bileklik\/","title":{"rendered":"G\u00fcm\u00fc\u015f Rozet Bileklik"},"content":{"rendered":"<div class=\"product_desc-row\">\n<div class=\"product_desc-desc\">\n<p>&nbsp;<\/p>\n<\/div>\n<div class=\"product_desc-img\"><\/div>\n<\/div>\n","protected":false},"excerpt":{"rendered":"<p>925 ayar g\u00fcm\u00fc\u015f el yap\u0131m\u0131 telkari Artuklu Rozet motifli Bebek mavisi kordonlu bileklik<\/p>\n","protected":false},"featured_media":2376,"template":"","meta":[],"product_brand":[],"product_cat":[30],"product_tag":[53,52,54],"class_list":{"0":"post-2154","1":"product","2":"type-product","3":"status-publish","4":"has-post-thumbnail","6":"product_cat-bileklik","7":"product_tag-bileklik","8":"product_tag-gumus","9":"product_tag-rozet","11":"first","12":"instock","13":"shipping-taxable","14":"purchasable","15":"product-type-simple"},"_links":{"self":[{"href":"https:\/\/aysunkaleli.com.tr\/tr\/wp-json\/wp\/v2\/product\/2154","targetHints":{"allow":["GET"]}}],"collection":[{"href":"https:\/\/aysunkaleli.com.tr\/tr\/wp-json\/wp\/v2\/product"}],"about":[{"href":"https:\/\/aysunkaleli.com.tr\/tr\/wp-json\/wp\/v2\/types\/product"}],"wp:featuredmedia":[{"embeddable":true,"href":"https:\/\/aysunkaleli.com.tr\/tr\/wp-json\/wp\/v2\/media\/2376"}],"wp:attachment":[{"href":"https:\/\/aysunkaleli.com.tr\/tr\/wp-json\/wp\/v2\/media?parent=2154"}],"wp:term":[{"taxonomy":"product_brand","embeddable":true,"href":"https:\/\/aysunkaleli.com.tr\/tr\/wp-json\/wp\/v2\/product_brand?post=2154"},{"taxonomy":"product_cat","embeddable":true,"href":"https:\/\/aysunkaleli.com.tr\/tr\/wp-json\/wp\/v2\/product_cat?post=2154"},{"taxonomy":"product_tag","embeddable":true,"href":"https:\/\/aysunkaleli.com.tr\/tr\/wp-json\/wp\/v2\/product_tag?post=2154"}],"curies":[{"name":"wp","href":"https:\/\/api.w.org\/{rel}","templated":true}]}}