{"id":2170,"date":"2024-08-20T21:23:05","date_gmt":"2024-08-20T18:23:05","guid":{"rendered":"https:\/\/aysunkaleli.com.tr\/tr\/?post_type=product&#038;p=2170"},"modified":"2025-05-31T12:03:23","modified_gmt":"2025-05-31T09:03:23","slug":"gumus-kolye-5","status":"publish","type":"product","link":"https:\/\/aysunkaleli.com.tr\/tr\/urun\/gumus-kolye-5\/","title":{"rendered":"G\u00fcm\u00fc\u015f Kolye"},"content":{"rendered":"","protected":false},"excerpt":{"rendered":"<h3>925 ayar g\u00fcm\u00fc\u015f 6 adet \u00fczeri Siyah mine kaplamal\u0131 \u00fc\u00e7l\u00fc d\u00f6nen Vav logolu 90 cm uzunlu\u011funda kolye<\/h3>\n","protected":false},"featured_media":2356,"template":"","meta":[],"product_brand":[],"product_cat":[32],"product_tag":[52,50],"class_list":{"0":"post-2170","1":"product","2":"type-product","3":"status-publish","4":"has-post-thumbnail","6":"product_cat-kolye","7":"product_tag-gumus","8":"product_tag-kolye","10":"first","11":"instock","12":"shipping-taxable","13":"purchasable","14":"product-type-simple"},"_links":{"self":[{"href":"https:\/\/aysunkaleli.com.tr\/tr\/wp-json\/wp\/v2\/product\/2170","targetHints":{"allow":["GET"]}}],"collection":[{"href":"https:\/\/aysunkaleli.com.tr\/tr\/wp-json\/wp\/v2\/product"}],"about":[{"href":"https:\/\/aysunkaleli.com.tr\/tr\/wp-json\/wp\/v2\/types\/product"}],"wp:featuredmedia":[{"embeddable":true,"href":"https:\/\/aysunkaleli.com.tr\/tr\/wp-json\/wp\/v2\/media\/2356"}],"wp:attachment":[{"href":"https:\/\/aysunkaleli.com.tr\/tr\/wp-json\/wp\/v2\/media?parent=2170"}],"wp:term":[{"taxonomy":"product_brand","embeddable":true,"href":"https:\/\/aysunkaleli.com.tr\/tr\/wp-json\/wp\/v2\/product_brand?post=2170"},{"taxonomy":"product_cat","embeddable":true,"href":"https:\/\/aysunkaleli.com.tr\/tr\/wp-json\/wp\/v2\/product_cat?post=2170"},{"taxonomy":"product_tag","embeddable":true,"href":"https:\/\/aysunkaleli.com.tr\/tr\/wp-json\/wp\/v2\/product_tag?post=2170"}],"curies":[{"name":"wp","href":"https:\/\/api.w.org\/{rel}","templated":true}]}}