{"id":2184,"date":"2024-08-20T21:23:06","date_gmt":"2024-08-20T18:23:06","guid":{"rendered":"https:\/\/aysunkaleli.com.tr\/tr\/?post_type=product&#038;p=2184"},"modified":"2025-05-31T12:14:13","modified_gmt":"2025-05-31T09:14:13","slug":"telkari-gumus-kolye-7","status":"publish","type":"product","link":"https:\/\/aysunkaleli.com.tr\/tr\/urun\/telkari-gumus-kolye-7\/","title":{"rendered":"Telkari G\u00fcm\u00fc\u015f Kolye"},"content":{"rendered":"","protected":false},"excerpt":{"rendered":"<h3>925 ayar g\u00fcm\u00fc\u015f \u00fczeri sar\u0131 alt\u0131n kaplama el yap\u0131m\u0131 telkari lotus motifli,10mm \u00e7ap\u0131nda rose kuvars ta\u015fl\u0131 ,95cm uzunlu\u011funda kolye.<\/h3>\n","protected":false},"featured_media":2340,"template":"","meta":[],"product_brand":[],"product_cat":[32],"product_tag":[52,50],"class_list":{"0":"post-2184","1":"product","2":"type-product","3":"status-publish","4":"has-post-thumbnail","6":"product_cat-kolye","7":"product_tag-gumus","8":"product_tag-kolye","10":"first","11":"instock","12":"shipping-taxable","13":"purchasable","14":"product-type-simple"},"_links":{"self":[{"href":"https:\/\/aysunkaleli.com.tr\/tr\/wp-json\/wp\/v2\/product\/2184","targetHints":{"allow":["GET"]}}],"collection":[{"href":"https:\/\/aysunkaleli.com.tr\/tr\/wp-json\/wp\/v2\/product"}],"about":[{"href":"https:\/\/aysunkaleli.com.tr\/tr\/wp-json\/wp\/v2\/types\/product"}],"wp:featuredmedia":[{"embeddable":true,"href":"https:\/\/aysunkaleli.com.tr\/tr\/wp-json\/wp\/v2\/media\/2340"}],"wp:attachment":[{"href":"https:\/\/aysunkaleli.com.tr\/tr\/wp-json\/wp\/v2\/media?parent=2184"}],"wp:term":[{"taxonomy":"product_brand","embeddable":true,"href":"https:\/\/aysunkaleli.com.tr\/tr\/wp-json\/wp\/v2\/product_brand?post=2184"},{"taxonomy":"product_cat","embeddable":true,"href":"https:\/\/aysunkaleli.com.tr\/tr\/wp-json\/wp\/v2\/product_cat?post=2184"},{"taxonomy":"product_tag","embeddable":true,"href":"https:\/\/aysunkaleli.com.tr\/tr\/wp-json\/wp\/v2\/product_tag?post=2184"}],"curies":[{"name":"wp","href":"https:\/\/api.w.org\/{rel}","templated":true}]}}