{"id":2186,"date":"2024-08-20T21:23:06","date_gmt":"2024-08-20T18:23:06","guid":{"rendered":"https:\/\/aysunkaleli.com.tr\/tr\/?post_type=product&#038;p=2186"},"modified":"2025-05-31T12:13:36","modified_gmt":"2025-05-31T09:13:36","slug":"telkari-gumus-kolye-8","status":"publish","type":"product","link":"https:\/\/aysunkaleli.com.tr\/tr\/urun\/telkari-gumus-kolye-8\/","title":{"rendered":"Telkari G\u00fcm\u00fc\u015f Kolye"},"content":{"rendered":"","protected":false},"excerpt":{"rendered":"<div class=\"product_desc-desc\">\n<h3>925 ayar g\u00fcm\u00fc\u015f el yap\u0131m\u0131 telkari lotus motifli, 9 mm \u00e7ap\u0131nda siyah incili, 105 cm uzunlu\u011funda kolye.<\/h3>\n<\/div>\n<div class=\"product_desc-img\"><\/div>\n","protected":false},"featured_media":2342,"template":"","meta":[],"product_brand":[],"product_cat":[32],"product_tag":[52,50],"class_list":{"0":"post-2186","1":"product","2":"type-product","3":"status-publish","4":"has-post-thumbnail","6":"product_cat-kolye","7":"product_tag-gumus","8":"product_tag-kolye","10":"first","11":"instock","12":"shipping-taxable","13":"purchasable","14":"product-type-simple"},"_links":{"self":[{"href":"https:\/\/aysunkaleli.com.tr\/tr\/wp-json\/wp\/v2\/product\/2186","targetHints":{"allow":["GET"]}}],"collection":[{"href":"https:\/\/aysunkaleli.com.tr\/tr\/wp-json\/wp\/v2\/product"}],"about":[{"href":"https:\/\/aysunkaleli.com.tr\/tr\/wp-json\/wp\/v2\/types\/product"}],"wp:featuredmedia":[{"embeddable":true,"href":"https:\/\/aysunkaleli.com.tr\/tr\/wp-json\/wp\/v2\/media\/2342"}],"wp:attachment":[{"href":"https:\/\/aysunkaleli.com.tr\/tr\/wp-json\/wp\/v2\/media?parent=2186"}],"wp:term":[{"taxonomy":"product_brand","embeddable":true,"href":"https:\/\/aysunkaleli.com.tr\/tr\/wp-json\/wp\/v2\/product_brand?post=2186"},{"taxonomy":"product_cat","embeddable":true,"href":"https:\/\/aysunkaleli.com.tr\/tr\/wp-json\/wp\/v2\/product_cat?post=2186"},{"taxonomy":"product_tag","embeddable":true,"href":"https:\/\/aysunkaleli.com.tr\/tr\/wp-json\/wp\/v2\/product_tag?post=2186"}],"curies":[{"name":"wp","href":"https:\/\/api.w.org\/{rel}","templated":true}]}}