{"id":2198,"date":"2024-08-20T21:23:08","date_gmt":"2024-08-20T18:23:08","guid":{"rendered":"https:\/\/aysunkaleli.com.tr\/tr\/?post_type=product&#038;p=2198"},"modified":"2025-05-31T12:22:51","modified_gmt":"2025-05-31T09:22:51","slug":"telkari-gumus-kolye-3","status":"publish","type":"product","link":"https:\/\/aysunkaleli.com.tr\/tr\/urun\/telkari-gumus-kolye-3\/","title":{"rendered":"Telkari G\u00fcm\u00fc\u015f Kolye"},"content":{"rendered":"<div class=\"product_desc-row\">\n<div class=\"product_desc-desc\">\n<h3><\/h3>\n<\/div>\n<div class=\"product_desc-img\"><\/div>\n<\/div>\n","protected":false},"excerpt":{"rendered":"<h3>925 ayar g\u00fcm\u00fc\u015f, \u00fczerine sar\u0131 alt\u0131n kaplama el yap\u0131m\u0131 Telkari ile \u00c7ift \u00c7ark\u0131felek motifi yap\u0131lm\u0131\u015fTurkuaz Ta\u015fl\u0131 95 cm uzunlu\u011funda zincirli kolye.<\/h3>\n","protected":false},"featured_media":2330,"template":"","meta":[],"product_brand":[],"product_cat":[32],"product_tag":[50],"class_list":{"0":"post-2198","1":"product","2":"type-product","3":"status-publish","4":"has-post-thumbnail","6":"product_cat-kolye","7":"product_tag-kolye","9":"first","10":"instock","11":"shipping-taxable","12":"purchasable","13":"product-type-simple"},"_links":{"self":[{"href":"https:\/\/aysunkaleli.com.tr\/tr\/wp-json\/wp\/v2\/product\/2198","targetHints":{"allow":["GET"]}}],"collection":[{"href":"https:\/\/aysunkaleli.com.tr\/tr\/wp-json\/wp\/v2\/product"}],"about":[{"href":"https:\/\/aysunkaleli.com.tr\/tr\/wp-json\/wp\/v2\/types\/product"}],"wp:featuredmedia":[{"embeddable":true,"href":"https:\/\/aysunkaleli.com.tr\/tr\/wp-json\/wp\/v2\/media\/2330"}],"wp:attachment":[{"href":"https:\/\/aysunkaleli.com.tr\/tr\/wp-json\/wp\/v2\/media?parent=2198"}],"wp:term":[{"taxonomy":"product_brand","embeddable":true,"href":"https:\/\/aysunkaleli.com.tr\/tr\/wp-json\/wp\/v2\/product_brand?post=2198"},{"taxonomy":"product_cat","embeddable":true,"href":"https:\/\/aysunkaleli.com.tr\/tr\/wp-json\/wp\/v2\/product_cat?post=2198"},{"taxonomy":"product_tag","embeddable":true,"href":"https:\/\/aysunkaleli.com.tr\/tr\/wp-json\/wp\/v2\/product_tag?post=2198"}],"curies":[{"name":"wp","href":"https:\/\/api.w.org\/{rel}","templated":true}]}}