{"id":2385,"date":"2024-08-22T15:27:18","date_gmt":"2024-08-22T12:27:18","guid":{"rendered":"https:\/\/aysunkaleli.com.tr\/tr\/?post_type=product&#038;p=2385"},"modified":"2025-05-31T12:26:07","modified_gmt":"2025-05-31T09:26:07","slug":"gumus-rozet-bileklik-6","status":"publish","type":"product","link":"https:\/\/aysunkaleli.com.tr\/tr\/urun\/gumus-rozet-bileklik-6\/","title":{"rendered":"G\u00fcm\u00fc\u015f Rozet Bileklik"},"content":{"rendered":"","protected":false},"excerpt":{"rendered":"<p>925 ayar g\u00fcm\u00fc\u015f \u00fc\u00e7l\u00fc d\u00f6nen Vav motifli, siyah mine kaplamal\u0131, siyah ip kordonlu bileklik ** PARF\u00dcM VE K\u0130MYASALLARDAN UZAK TUTUNUZ **<\/p>\n","protected":false},"featured_media":2386,"template":"","meta":[],"product_brand":[],"product_cat":[30],"product_tag":[53,52],"class_list":{"0":"post-2385","1":"product","2":"type-product","3":"status-publish","4":"has-post-thumbnail","6":"product_cat-bileklik","7":"product_tag-bileklik","8":"product_tag-gumus","10":"first","11":"instock","12":"shipping-taxable","13":"purchasable","14":"product-type-simple"},"_links":{"self":[{"href":"https:\/\/aysunkaleli.com.tr\/tr\/wp-json\/wp\/v2\/product\/2385","targetHints":{"allow":["GET"]}}],"collection":[{"href":"https:\/\/aysunkaleli.com.tr\/tr\/wp-json\/wp\/v2\/product"}],"about":[{"href":"https:\/\/aysunkaleli.com.tr\/tr\/wp-json\/wp\/v2\/types\/product"}],"wp:featuredmedia":[{"embeddable":true,"href":"https:\/\/aysunkaleli.com.tr\/tr\/wp-json\/wp\/v2\/media\/2386"}],"wp:attachment":[{"href":"https:\/\/aysunkaleli.com.tr\/tr\/wp-json\/wp\/v2\/media?parent=2385"}],"wp:term":[{"taxonomy":"product_brand","embeddable":true,"href":"https:\/\/aysunkaleli.com.tr\/tr\/wp-json\/wp\/v2\/product_brand?post=2385"},{"taxonomy":"product_cat","embeddable":true,"href":"https:\/\/aysunkaleli.com.tr\/tr\/wp-json\/wp\/v2\/product_cat?post=2385"},{"taxonomy":"product_tag","embeddable":true,"href":"https:\/\/aysunkaleli.com.tr\/tr\/wp-json\/wp\/v2\/product_tag?post=2385"}],"curies":[{"name":"wp","href":"https:\/\/api.w.org\/{rel}","templated":true}]}}