{"id":2390,"date":"2024-08-22T15:53:26","date_gmt":"2024-08-22T12:53:26","guid":{"rendered":"https:\/\/aysunkaleli.com.tr\/tr\/?post_type=product&#038;p=2390"},"modified":"2025-05-31T12:43:07","modified_gmt":"2025-05-31T09:43:07","slug":"telkari-kolye-ucu","status":"publish","type":"product","link":"https:\/\/aysunkaleli.com.tr\/tr\/urun\/telkari-kolye-ucu\/","title":{"rendered":"Telkari Kolye Ucu"},"content":{"rendered":"","protected":false},"excerpt":{"rendered":"<p>925 ayar g\u00fcm\u00fc\u015f el yap\u0131m\u0131 3.5 cm \u00e7ap\u0131nda telkari kolye ucu. ( kolyenin telkari motofi mardin ERDOBA konaklar\u0131n\u0131n ta\u015f oyma cebhe motifinden yorumlanm\u0131\u015ft\u0131r.)<\/p>\n","protected":false},"featured_media":2391,"template":"","meta":[],"product_brand":[],"product_cat":[32],"product_tag":[50],"class_list":{"0":"post-2390","1":"product","2":"type-product","3":"status-publish","4":"has-post-thumbnail","6":"product_cat-kolye","7":"product_tag-kolye","9":"first","10":"instock","11":"shipping-taxable","12":"purchasable","13":"product-type-simple"},"_links":{"self":[{"href":"https:\/\/aysunkaleli.com.tr\/tr\/wp-json\/wp\/v2\/product\/2390","targetHints":{"allow":["GET"]}}],"collection":[{"href":"https:\/\/aysunkaleli.com.tr\/tr\/wp-json\/wp\/v2\/product"}],"about":[{"href":"https:\/\/aysunkaleli.com.tr\/tr\/wp-json\/wp\/v2\/types\/product"}],"wp:featuredmedia":[{"embeddable":true,"href":"https:\/\/aysunkaleli.com.tr\/tr\/wp-json\/wp\/v2\/media\/2391"}],"wp:attachment":[{"href":"https:\/\/aysunkaleli.com.tr\/tr\/wp-json\/wp\/v2\/media?parent=2390"}],"wp:term":[{"taxonomy":"product_brand","embeddable":true,"href":"https:\/\/aysunkaleli.com.tr\/tr\/wp-json\/wp\/v2\/product_brand?post=2390"},{"taxonomy":"product_cat","embeddable":true,"href":"https:\/\/aysunkaleli.com.tr\/tr\/wp-json\/wp\/v2\/product_cat?post=2390"},{"taxonomy":"product_tag","embeddable":true,"href":"https:\/\/aysunkaleli.com.tr\/tr\/wp-json\/wp\/v2\/product_tag?post=2390"}],"curies":[{"name":"wp","href":"https:\/\/api.w.org\/{rel}","templated":true}]}}