{"id":2412,"date":"2024-08-23T14:05:43","date_gmt":"2024-08-23T11:05:43","guid":{"rendered":"https:\/\/aysunkaleli.com.tr\/tr\/?post_type=product&#038;p=2412"},"modified":"2024-08-26T13:03:37","modified_gmt":"2024-08-26T10:03:37","slug":"kordonlu-bileklik-10","status":"publish","type":"product","link":"https:\/\/aysunkaleli.com.tr\/tr\/urun\/kordonlu-bileklik-10\/","title":{"rendered":"Kordonlu Bileklik"},"content":{"rendered":"","protected":false},"excerpt":{"rendered":"<p>925 ayar g\u00fcm\u00fc\u015f el yap\u0131m\u0131 telkari lotus motifli bej ipek kordonlu bileklik ( bilekli\u011fin telkari motifi mardindeki mor gabriel manast\u0131rn\u0131n ta\u015f oyma cebhe motoifinden yorumlanm\u0131\u015ft\u0131r.)<\/p>\n","protected":false},"featured_media":2413,"template":"","meta":[],"product_brand":[],"product_cat":[30],"product_tag":[56,52],"class_list":{"0":"post-2412","1":"product","2":"type-product","3":"status-publish","4":"has-post-thumbnail","6":"product_cat-bileklik","7":"product_tag-bielklik","8":"product_tag-gumus","10":"first","11":"instock","12":"shipping-taxable","13":"purchasable","14":"product-type-simple"},"_links":{"self":[{"href":"https:\/\/aysunkaleli.com.tr\/tr\/wp-json\/wp\/v2\/product\/2412","targetHints":{"allow":["GET"]}}],"collection":[{"href":"https:\/\/aysunkaleli.com.tr\/tr\/wp-json\/wp\/v2\/product"}],"about":[{"href":"https:\/\/aysunkaleli.com.tr\/tr\/wp-json\/wp\/v2\/types\/product"}],"wp:featuredmedia":[{"embeddable":true,"href":"https:\/\/aysunkaleli.com.tr\/tr\/wp-json\/wp\/v2\/media\/2413"}],"wp:attachment":[{"href":"https:\/\/aysunkaleli.com.tr\/tr\/wp-json\/wp\/v2\/media?parent=2412"}],"wp:term":[{"taxonomy":"product_brand","embeddable":true,"href":"https:\/\/aysunkaleli.com.tr\/tr\/wp-json\/wp\/v2\/product_brand?post=2412"},{"taxonomy":"product_cat","embeddable":true,"href":"https:\/\/aysunkaleli.com.tr\/tr\/wp-json\/wp\/v2\/product_cat?post=2412"},{"taxonomy":"product_tag","embeddable":true,"href":"https:\/\/aysunkaleli.com.tr\/tr\/wp-json\/wp\/v2\/product_tag?post=2412"}],"curies":[{"name":"wp","href":"https:\/\/api.w.org\/{rel}","templated":true}]}}