{"id":2435,"date":"2024-08-23T14:44:23","date_gmt":"2024-08-23T11:44:23","guid":{"rendered":"https:\/\/aysunkaleli.com.tr\/tr\/?post_type=product&#038;p=2435"},"modified":"2025-05-31T13:00:50","modified_gmt":"2025-05-31T10:00:50","slug":"telkari-kupe-2","status":"publish","type":"product","link":"https:\/\/aysunkaleli.com.tr\/tr\/urun\/telkari-kupe-2\/","title":{"rendered":"Telkari K\u00fcpe"},"content":{"rendered":"","protected":false},"excerpt":{"rendered":"<p>925 ayar g\u00fcm\u00fc\u015f El yap\u0131m\u0131 Telkari Lotus motifli Pembe Mercan Ta\u015fl\u0131 k\u00fcpe<\/p>\n","protected":false},"featured_media":2436,"template":"","meta":[],"product_brand":[],"product_cat":[31],"product_tag":[52,51],"class_list":{"0":"post-2435","1":"product","2":"type-product","3":"status-publish","4":"has-post-thumbnail","6":"product_cat-kupe","7":"product_tag-gumus","8":"product_tag-telkari","10":"first","11":"instock","12":"shipping-taxable","13":"purchasable","14":"product-type-simple"},"_links":{"self":[{"href":"https:\/\/aysunkaleli.com.tr\/tr\/wp-json\/wp\/v2\/product\/2435","targetHints":{"allow":["GET"]}}],"collection":[{"href":"https:\/\/aysunkaleli.com.tr\/tr\/wp-json\/wp\/v2\/product"}],"about":[{"href":"https:\/\/aysunkaleli.com.tr\/tr\/wp-json\/wp\/v2\/types\/product"}],"wp:featuredmedia":[{"embeddable":true,"href":"https:\/\/aysunkaleli.com.tr\/tr\/wp-json\/wp\/v2\/media\/2436"}],"wp:attachment":[{"href":"https:\/\/aysunkaleli.com.tr\/tr\/wp-json\/wp\/v2\/media?parent=2435"}],"wp:term":[{"taxonomy":"product_brand","embeddable":true,"href":"https:\/\/aysunkaleli.com.tr\/tr\/wp-json\/wp\/v2\/product_brand?post=2435"},{"taxonomy":"product_cat","embeddable":true,"href":"https:\/\/aysunkaleli.com.tr\/tr\/wp-json\/wp\/v2\/product_cat?post=2435"},{"taxonomy":"product_tag","embeddable":true,"href":"https:\/\/aysunkaleli.com.tr\/tr\/wp-json\/wp\/v2\/product_tag?post=2435"}],"curies":[{"name":"wp","href":"https:\/\/api.w.org\/{rel}","templated":true}]}}