{"id":2465,"date":"2024-08-23T15:02:05","date_gmt":"2024-08-23T12:02:05","guid":{"rendered":"https:\/\/aysunkaleli.com.tr\/tr\/?post_type=product&#038;p=2465"},"modified":"2025-05-31T13:08:28","modified_gmt":"2025-05-31T10:08:28","slug":"kisa-kolye-2","status":"publish","type":"product","link":"https:\/\/aysunkaleli.com.tr\/tr\/urun\/kisa-kolye-2\/","title":{"rendered":"K\u0131sa Kolye"},"content":{"rendered":"","protected":false},"excerpt":{"rendered":"<p>925 ayar g\u00fcm\u00fc\u015f \u00fczerine sar\u0131 alt\u0131n kaplama el yap\u0131m\u0131 3 cm \u00e7ap\u0131nda telkari siyah ipek kordonlu k\u0131sa kolye ( kolyenin telkari motifi Mardin m\u00fcze binas\u0131 ta\u015f oyma cephe motifinden yorumlanm\u0131\u015ft\u0131r.) ** PARF\u00dcM VE K\u0130MYASALLARDAN UZAK TUTUNUZ **<\/p>\n","protected":false},"featured_media":2466,"template":"","meta":[],"product_brand":[],"product_cat":[32],"product_tag":[],"class_list":{"0":"post-2465","1":"product","2":"type-product","3":"status-publish","4":"has-post-thumbnail","6":"product_cat-kolye","8":"first","9":"instock","10":"shipping-taxable","11":"purchasable","12":"product-type-simple"},"_links":{"self":[{"href":"https:\/\/aysunkaleli.com.tr\/tr\/wp-json\/wp\/v2\/product\/2465","targetHints":{"allow":["GET"]}}],"collection":[{"href":"https:\/\/aysunkaleli.com.tr\/tr\/wp-json\/wp\/v2\/product"}],"about":[{"href":"https:\/\/aysunkaleli.com.tr\/tr\/wp-json\/wp\/v2\/types\/product"}],"wp:featuredmedia":[{"embeddable":true,"href":"https:\/\/aysunkaleli.com.tr\/tr\/wp-json\/wp\/v2\/media\/2466"}],"wp:attachment":[{"href":"https:\/\/aysunkaleli.com.tr\/tr\/wp-json\/wp\/v2\/media?parent=2465"}],"wp:term":[{"taxonomy":"product_brand","embeddable":true,"href":"https:\/\/aysunkaleli.com.tr\/tr\/wp-json\/wp\/v2\/product_brand?post=2465"},{"taxonomy":"product_cat","embeddable":true,"href":"https:\/\/aysunkaleli.com.tr\/tr\/wp-json\/wp\/v2\/product_cat?post=2465"},{"taxonomy":"product_tag","embeddable":true,"href":"https:\/\/aysunkaleli.com.tr\/tr\/wp-json\/wp\/v2\/product_tag?post=2465"}],"curies":[{"name":"wp","href":"https:\/\/api.w.org\/{rel}","templated":true}]}}