{"id":2541,"date":"2024-08-23T17:15:33","date_gmt":"2024-08-23T14:15:33","guid":{"rendered":"https:\/\/aysunkaleli.com.tr\/tr\/?post_type=product&#038;p=2541"},"modified":"2025-05-31T13:22:10","modified_gmt":"2025-05-31T10:22:10","slug":"telkari-halka-kupe-2","status":"publish","type":"product","link":"https:\/\/aysunkaleli.com.tr\/tr\/urun\/telkari-halka-kupe-2\/","title":{"rendered":"Telkari Halka K\u00fcpe"},"content":{"rendered":"","protected":false},"excerpt":{"rendered":"<p>925 Ayar G\u00fcm\u00fc\u015f D\u00fcz El yap\u0131m\u0131 Telkari Halka K\u00fcpe (2,5 cm)<\/p>\n","protected":false},"featured_media":2542,"template":"","meta":[],"product_brand":[],"product_cat":[31],"product_tag":[57,51],"class_list":{"0":"post-2541","1":"product","2":"type-product","3":"status-publish","4":"has-post-thumbnail","6":"product_cat-kupe","7":"product_tag-kupe","8":"product_tag-telkari","10":"first","11":"instock","12":"shipping-taxable","13":"purchasable","14":"product-type-simple"},"_links":{"self":[{"href":"https:\/\/aysunkaleli.com.tr\/tr\/wp-json\/wp\/v2\/product\/2541","targetHints":{"allow":["GET"]}}],"collection":[{"href":"https:\/\/aysunkaleli.com.tr\/tr\/wp-json\/wp\/v2\/product"}],"about":[{"href":"https:\/\/aysunkaleli.com.tr\/tr\/wp-json\/wp\/v2\/types\/product"}],"wp:featuredmedia":[{"embeddable":true,"href":"https:\/\/aysunkaleli.com.tr\/tr\/wp-json\/wp\/v2\/media\/2542"}],"wp:attachment":[{"href":"https:\/\/aysunkaleli.com.tr\/tr\/wp-json\/wp\/v2\/media?parent=2541"}],"wp:term":[{"taxonomy":"product_brand","embeddable":true,"href":"https:\/\/aysunkaleli.com.tr\/tr\/wp-json\/wp\/v2\/product_brand?post=2541"},{"taxonomy":"product_cat","embeddable":true,"href":"https:\/\/aysunkaleli.com.tr\/tr\/wp-json\/wp\/v2\/product_cat?post=2541"},{"taxonomy":"product_tag","embeddable":true,"href":"https:\/\/aysunkaleli.com.tr\/tr\/wp-json\/wp\/v2\/product_tag?post=2541"}],"curies":[{"name":"wp","href":"https:\/\/api.w.org\/{rel}","templated":true}]}}