{"id":2550,"date":"2024-08-23T17:20:51","date_gmt":"2024-08-23T14:20:51","guid":{"rendered":"https:\/\/aysunkaleli.com.tr\/tr\/?post_type=product&#038;p=2550"},"modified":"2025-05-31T13:23:44","modified_gmt":"2025-05-31T10:23:44","slug":"telkari-kisa-kolye-9","status":"publish","type":"product","link":"https:\/\/aysunkaleli.com.tr\/tr\/urun\/telkari-kisa-kolye-9\/","title":{"rendered":"Telkari K\u0131sa Kolye"},"content":{"rendered":"","protected":false},"excerpt":{"rendered":"<p>925 Ayar g\u00fcm\u00fc\u015f \u00fczerine Rose Alt\u0131n Kaplama Gecko motifli el yap\u0131m\u0131 telkari, g\u00f6zleri 3mm \u00e7ap\u0131nda z\u00fcmr\u00fct, kuyru\u011fu 5 mm \u00e7ap\u0131nda granat ta\u015fla s\u00fcslenmi\u015f k\u0131sa kolye<\/p>\n","protected":false},"featured_media":2551,"template":"","meta":[],"product_brand":[],"product_cat":[32],"product_tag":[],"class_list":{"0":"post-2550","1":"product","2":"type-product","3":"status-publish","4":"has-post-thumbnail","6":"product_cat-kolye","8":"first","9":"instock","10":"shipping-taxable","11":"purchasable","12":"product-type-simple"},"_links":{"self":[{"href":"https:\/\/aysunkaleli.com.tr\/tr\/wp-json\/wp\/v2\/product\/2550","targetHints":{"allow":["GET"]}}],"collection":[{"href":"https:\/\/aysunkaleli.com.tr\/tr\/wp-json\/wp\/v2\/product"}],"about":[{"href":"https:\/\/aysunkaleli.com.tr\/tr\/wp-json\/wp\/v2\/types\/product"}],"wp:featuredmedia":[{"embeddable":true,"href":"https:\/\/aysunkaleli.com.tr\/tr\/wp-json\/wp\/v2\/media\/2551"}],"wp:attachment":[{"href":"https:\/\/aysunkaleli.com.tr\/tr\/wp-json\/wp\/v2\/media?parent=2550"}],"wp:term":[{"taxonomy":"product_brand","embeddable":true,"href":"https:\/\/aysunkaleli.com.tr\/tr\/wp-json\/wp\/v2\/product_brand?post=2550"},{"taxonomy":"product_cat","embeddable":true,"href":"https:\/\/aysunkaleli.com.tr\/tr\/wp-json\/wp\/v2\/product_cat?post=2550"},{"taxonomy":"product_tag","embeddable":true,"href":"https:\/\/aysunkaleli.com.tr\/tr\/wp-json\/wp\/v2\/product_tag?post=2550"}],"curies":[{"name":"wp","href":"https:\/\/api.w.org\/{rel}","templated":true}]}}