{"id":2614,"date":"2024-08-23T18:45:02","date_gmt":"2024-08-23T15:45:02","guid":{"rendered":"https:\/\/aysunkaleli.com.tr\/tr\/?post_type=product&#038;p=2614"},"modified":"2025-05-31T13:36:14","modified_gmt":"2025-05-31T10:36:14","slug":"kolye-ucu-4","status":"publish","type":"product","link":"https:\/\/aysunkaleli.com.tr\/tr\/urun\/kolye-ucu-4\/","title":{"rendered":"Kolye Ucu"},"content":{"rendered":"","protected":false},"excerpt":{"rendered":"<p>925 Ayar g\u00fcm\u00fc\u015f \u00fczerine Rose Alt\u0131n Kaplama Gecko motifli el yap\u0131m\u0131 telkari, g\u00f6zleri 3mm \u00e7ap\u0131nda z\u00fcmr\u00fct, kuyru\u011fu 5 mm \u00e7ap\u0131nda granat ta\u015fla s\u00fcslenmi\u015f kolye ucu<\/p>\n","protected":false},"featured_media":2615,"template":"","meta":[],"product_brand":[],"product_cat":[32],"product_tag":[50,51],"class_list":{"0":"post-2614","1":"product","2":"type-product","3":"status-publish","4":"has-post-thumbnail","6":"product_cat-kolye","7":"product_tag-kolye","8":"product_tag-telkari","10":"first","11":"instock","12":"shipping-taxable","13":"purchasable","14":"product-type-simple"},"_links":{"self":[{"href":"https:\/\/aysunkaleli.com.tr\/tr\/wp-json\/wp\/v2\/product\/2614","targetHints":{"allow":["GET"]}}],"collection":[{"href":"https:\/\/aysunkaleli.com.tr\/tr\/wp-json\/wp\/v2\/product"}],"about":[{"href":"https:\/\/aysunkaleli.com.tr\/tr\/wp-json\/wp\/v2\/types\/product"}],"wp:featuredmedia":[{"embeddable":true,"href":"https:\/\/aysunkaleli.com.tr\/tr\/wp-json\/wp\/v2\/media\/2615"}],"wp:attachment":[{"href":"https:\/\/aysunkaleli.com.tr\/tr\/wp-json\/wp\/v2\/media?parent=2614"}],"wp:term":[{"taxonomy":"product_brand","embeddable":true,"href":"https:\/\/aysunkaleli.com.tr\/tr\/wp-json\/wp\/v2\/product_brand?post=2614"},{"taxonomy":"product_cat","embeddable":true,"href":"https:\/\/aysunkaleli.com.tr\/tr\/wp-json\/wp\/v2\/product_cat?post=2614"},{"taxonomy":"product_tag","embeddable":true,"href":"https:\/\/aysunkaleli.com.tr\/tr\/wp-json\/wp\/v2\/product_tag?post=2614"}],"curies":[{"name":"wp","href":"https:\/\/api.w.org\/{rel}","templated":true}]}}