{"id":2647,"date":"2024-08-23T19:11:45","date_gmt":"2024-08-23T16:11:45","guid":{"rendered":"https:\/\/aysunkaleli.com.tr\/tr\/?post_type=product&#038;p=2647"},"modified":"2025-05-31T13:45:01","modified_gmt":"2025-05-31T10:45:01","slug":"zincir-kupe","status":"publish","type":"product","link":"https:\/\/aysunkaleli.com.tr\/tr\/urun\/zincir-kupe\/","title":{"rendered":"Zincir K\u00fcpe"},"content":{"rendered":"","protected":false},"excerpt":{"rendered":"<p>925 ayar el yap\u0131m\u0131 g\u00fcm\u00fc\u015f, 9mm parlak toplu, zincirli k\u00fcpe<\/p>\n","protected":false},"featured_media":2648,"template":"","meta":[],"product_brand":[],"product_cat":[31],"product_tag":[57,68],"class_list":{"0":"post-2647","1":"product","2":"type-product","3":"status-publish","4":"has-post-thumbnail","6":"product_cat-kupe","7":"product_tag-kupe","8":"product_tag-zincir","10":"first","11":"instock","12":"shipping-taxable","13":"purchasable","14":"product-type-simple"},"_links":{"self":[{"href":"https:\/\/aysunkaleli.com.tr\/tr\/wp-json\/wp\/v2\/product\/2647","targetHints":{"allow":["GET"]}}],"collection":[{"href":"https:\/\/aysunkaleli.com.tr\/tr\/wp-json\/wp\/v2\/product"}],"about":[{"href":"https:\/\/aysunkaleli.com.tr\/tr\/wp-json\/wp\/v2\/types\/product"}],"wp:featuredmedia":[{"embeddable":true,"href":"https:\/\/aysunkaleli.com.tr\/tr\/wp-json\/wp\/v2\/media\/2648"}],"wp:attachment":[{"href":"https:\/\/aysunkaleli.com.tr\/tr\/wp-json\/wp\/v2\/media?parent=2647"}],"wp:term":[{"taxonomy":"product_brand","embeddable":true,"href":"https:\/\/aysunkaleli.com.tr\/tr\/wp-json\/wp\/v2\/product_brand?post=2647"},{"taxonomy":"product_cat","embeddable":true,"href":"https:\/\/aysunkaleli.com.tr\/tr\/wp-json\/wp\/v2\/product_cat?post=2647"},{"taxonomy":"product_tag","embeddable":true,"href":"https:\/\/aysunkaleli.com.tr\/tr\/wp-json\/wp\/v2\/product_tag?post=2647"}],"curies":[{"name":"wp","href":"https:\/\/api.w.org\/{rel}","templated":true}]}}